{"id":3692,"date":"2022-01-29T15:26:44","date_gmt":"2022-01-29T15:26:44","guid":{"rendered":"https:\/\/phenweb.co.uk\/?page_id=3692"},"modified":"2025-09-12T17:07:08","modified_gmt":"2025-09-12T16:07:08","slug":"books-in-italian-libri-in-italiano","status":"publish","type":"page","link":"https:\/\/phenweb.co.uk\/es\/the-books-2\/book-translations-books-available\/books-in-italian-libri-in-italiano\/","title":{"rendered":"Libri in Italiano"},"content":{"rendered":"<p id=\"block-f57a04df-d2cd-41fa-859a-d9c5eaef9b4a\">Via <a href=\"http:\/\/www.babelcube.com\" target=\"_blank\" rel=\"noreferrer noopener\">Babelcube<\/a> Philip G Henley ha pubblicato i seguenti libri in Italiano<\/p>\n\n\n<div class=\"wp-block-image\">\n<figure class=\"aligncenter size-medium\"><img loading=\"lazy\" decoding=\"async\" width=\"300\" height=\"169\" sizes=\"auto, (max-width: 300px) 100vw, 300px\" src=\"https:\/\/phenweb.co.uk\/wp-content\/uploads\/2022\/01\/Italy-Flag-300x169.jpg\" alt=\"Italy Flag Libri in Italiano\" class=\"wp-image-3679\" srcset=\"https:\/\/phenweb.co.uk\/wp-content\/uploads\/2022\/01\/Italy-Flag-300x169.jpg 300w, https:\/\/phenweb.co.uk\/wp-content\/uploads\/2022\/01\/Italy-Flag-1536x864.jpg 1536w, https:\/\/phenweb.co.uk\/wp-content\/uploads\/2022\/01\/Italy-Flag-2048x1152.jpg 2048w, https:\/\/phenweb.co.uk\/wp-content\/uploads\/2022\/01\/Italy-Flag-18x10.jpg 18w, https:\/\/phenweb.co.uk\/wp-content\/uploads\/2022\/01\/Italy-Flag-500x281.jpg 500w, https:\/\/phenweb.co.uk\/wp-content\/uploads\/2022\/01\/Italy-Flag-768x432.jpg 768w, https:\/\/phenweb.co.uk\/wp-content\/uploads\/2022\/01\/Italy-Flag-1024x576.jpg 1024w\" \/><\/figure>\n<\/div>\n\n\n<p id=\"block-d36c9cbb-4a14-4a6a-990f-14a05b0aa010\">Via <a href=\"http:\/\/www.babelcube.com\" target=\"_blank\" rel=\"noreferrer noopener\">Babelcube<\/a> Philip G Henley has published the following books in Italian<\/p>\n\n\n\n\t\t<div id=\"gs_book_area_8\" class=\"wrap gs_bookshowcase_area view_type_slider gs-book--img-efect_brightness gs-book--img-hover-efect_none style-01 carousel--has-dots dot--default carousel--has-navs nav--default carousel-navs-pos--bottom\" data-slider-settings='{\"speed\":4000,\"isAutoplay\":false,\"autoplay_delay\":5000,\"loop\":false,\"pause_on_hover\":false,\"navs\":true,\"dots\":true,\"desktop_columns\":3,\"tablet_columns\":4,\"mobile_columns\":6,\"columns_small_mobile\":12,\"carousel_navs_style\":\"nav--default\",\"carousel_dots_style\":\"dot--default\",\"gsb_navs_pos\":\"carousel-navs-pos--bottom\",\"reverseDirection\":false,\"slidesPerGroup\":1}' data-options='\"\"'>\n\t\t\t<div class=\"gs-containeer\">\n\t\t\t\t\t\t\t\t<div class=\"gs-roow clearfix gs_bookshowcase\">\t\t\t\t\n\t\t\t\t\t\n\t\t\t\t\t\n\t\t<div class=\"gs-col-lg-3 gs-col-md-4 gs-col-sm-6 gs-col-xs-12\">\n\n\t\t\t<div class=\"single-bookshowcase\">\n\n\t\t\t\t<div class=\"gsb-cover-wrapper\">\n\t\t\t\t\t<a class=\"\" href=\"https:\/\/phenweb.co.uk\/es\/books\/luomo-persuasivo\/\"><div class=\"gsbooks--book-thumb\"><img loading=\"lazy\" decoding=\"async\" width=\"188\" height=\"300\" src=\"https:\/\/phenweb.co.uk\/wp-content\/uploads\/2022\/01\/The-Persuasive-Man-Italian-188x300.jpg\" class=\"gs_book--image skip-lazy\" alt=\"L&#8217;Uomo Persuasivo\" itemprop=\"image\" srcset=\"https:\/\/phenweb.co.uk\/wp-content\/uploads\/2022\/01\/The-Persuasive-Man-Italian-188x300.jpg 188w, https:\/\/phenweb.co.uk\/wp-content\/uploads\/2022\/01\/The-Persuasive-Man-Italian-960x1536.jpg 960w, https:\/\/phenweb.co.uk\/wp-content\/uploads\/2022\/01\/The-Persuasive-Man-Italian-1280x2048.jpg 1280w, https:\/\/phenweb.co.uk\/wp-content\/uploads\/2022\/01\/The-Persuasive-Man-Italian-8x12.jpg 8w, https:\/\/phenweb.co.uk\/wp-content\/uploads\/2022\/01\/The-Persuasive-Man-Italian-768x1228.jpg 768w, https:\/\/phenweb.co.uk\/wp-content\/uploads\/2022\/01\/The-Persuasive-Man-Italian-640x1024.jpg 640w, https:\/\/phenweb.co.uk\/wp-content\/uploads\/2022\/01\/The-Persuasive-Man-Italian.jpg 1563w\" sizes=\"auto, (max-width: 188px) 100vw, 188px\" \/><\/div><\/a>\t\t\t\t<\/div>\n\n\t\t\t\t<div class=\"gsb-book-info-wrapper\">\n\n\t\t\t\t\t\t<!-- Ribbon -->\n\t\t\t\t\t\t\n\t\t\t\t\t\t\t\t\t\t\t<div class=\"gsb-title\">\n\t\t\t\t\t\t\t<h3><a href=\"https:\/\/phenweb.co.uk\/es\/books\/luomo-persuasivo\/\">L&#8217;Uomo Persuasivo<\/a><\/h3>\n\t\t\t\t\t\t<\/div>\n\t\t\t\t\t\t\t\t\t\t\t<div class=\"gsb-author\">\n\t\t\t\t\t\t\t<h4>by <a href=\"https:\/\/phenweb.co.uk\/es\/books-authors\/philip-g-henley\/\">Philip G Henley<\/a><\/h4>\n\t\t\t\t\t\t<\/div>\n\t\t\t\t\t\n\t\t\t\t\t\t\t\t\t\t\t<div class=\"gsb-desc\">\n\t\t\t\t\t\t\t<p>L&#8217;Uomo Persuasivo \u00e8 una storia raccontata in formato memoir su un uomo d&#8217;affari di succ&#8230;<a href=\"https:\/\/phenweb.co.uk\/es\/books\/luomo-persuasivo\/\">More<\/a><\/p>\n\t\t\t\t\t\t<\/div>\n\t\t\t\t\t\n\t\t\t\t\t<div class=\"gsb-book-info\">\n\n\t\t\t\t\t\t\t\t\t\t\t\t\t<p class=\"\">\n\t\t\t\t\t\t\t\t<span class=\"gsb-info-lavel\">Publish Date: <\/span>\n\t\t\t\t\t\t\t\t<span class=\"gsb-info-value\">19 October 2021<\/span>\n\t\t\t\t\t\t\t<\/p>\n\t\t\t\t\t\t\t\t\t\t\t\t\t<p class=\"\">\n\t\t\t\t\t\t\t\t<span class=\"gsb-info-lavel\">Publishers: <\/span>\n\t\t\t\t\t\t\t\t<span class=\"gsb-info-value\"> <span><a href=\"https:\/\/phenweb.co.uk\/es\/?gsb_publishers=phenweb-publishing\" rel=\"tag\">Phenweb Publishing<\/a><\/span> <\/span>\n\t\t\t\t\t\t\t<\/p>\n\t\t\t\t\t\t\t\t\t\t\t\t\t<div class=\"gsb-book-asin\" style=\"display: none;\">\n\t\t\t\t\t\t\t\tB09LHCWC5R\t\t\t\t\t\t\t<\/div>\n\t\t\t\t\t\t\t\t\t\t\t\t\t\t\t<p class=\"\">\n\t\t\t\t\t\t\t\t\t<span class=\"gsb-info-lavel\">Store: <\/span>\n\t\t\t\t\t\t\t\t\t<span class=\"gsb-info-value\"><span class=\"gs-book--store_urls\"><span class=\"gs-book--store-amazon\"><a href=\"https:\/\/mybook.to\/buu259\" target=\"_blank\" rel=\"noreferrer noopener\">Amazon<\/a><\/span><span class=\"gs-book--sitem_sep\">, <\/span><span class=\"gs-book--store-google-play\"><a href=\"https:\/\/play.google.com\/store\/books\/details?id=0WRNEAAAQBAJ\" target=\"_blank\" rel=\"noreferrer noopener\">Google Play<\/a><\/span><span class=\"gs-book--sitem_sep\">, <\/span><span class=\"gs-book--store-apple\"><a href=\"https:\/\/itunes.apple.com\/us\/book\/id1591227768\" target=\"_blank\" rel=\"noreferrer noopener\">Apple<\/a><\/span><span class=\"gs-book--sitem_sep\">, <\/span><span class=\"gs-book--store-barnes-noble\"><a href=\"http:\/\/www.barnesandnoble.com\/s\/2940165482342\" target=\"_blank\" rel=\"noreferrer noopener\">Barnes &amp; Noble<\/a><\/span><span class=\"gs-book--sitem_sep\">, <\/span><span class=\"gs-book--store-scribd\"><a href=\"http:\/\/www.scribd.com\/book\/533928238\" target=\"_blank\" rel=\"noreferrer noopener\">Scribd<\/a><\/span><span class=\"gs-book--sitem_sep\">, <\/span><span class=\"gs-book--store-tolino\"><a href=\"https:\/\/www.thalia.de\/shop\/home\/artikeldetails\/EAN9781667416823\" target=\"_blank\" rel=\"noreferrer noopener\">Tolino<\/a><\/span><span class=\"gs-book--sitem_sep\">, <\/span><span class=\"gs-book--store-kobo\"><a href=\"https:\/\/www.kobo.com\/gb\/en\/ebook\/l-uomo-persuasivo\" target=\"_blank\" rel=\"noreferrer noopener\">Kobo<\/a><\/span><\/span> <\/span>\n\t\t\t\t\t\t\t\t<\/p>\n\t\t\t\t\t\t\t\n\t\t\t\t\t<\/div>\n\n\t\t\t\t<\/div>\n\n\t\t\t<\/div>\n\n\t\t\t\n\t\t<\/div>\n\n\n\t\t<div class=\"gs-col-lg-3 gs-col-md-4 gs-col-sm-6 gs-col-xs-12\">\n\n\t\t\t<div class=\"single-bookshowcase\">\n\n\t\t\t\t<div class=\"gsb-cover-wrapper\">\n\t\t\t\t\t<a class=\"\" href=\"https:\/\/phenweb.co.uk\/es\/books\/la-scomparsa-di-un-agente\/\"><div class=\"gsbooks--book-thumb\"><img loading=\"lazy\" decoding=\"async\" width=\"188\" height=\"300\" src=\"https:\/\/phenweb.co.uk\/wp-content\/uploads\/2022\/01\/Agents-Demise-Italian2-188x300.jpg\" class=\"gs_book--image skip-lazy\" alt=\"La Scomparsa di un Agente\" itemprop=\"image\" srcset=\"https:\/\/phenweb.co.uk\/wp-content\/uploads\/2022\/01\/Agents-Demise-Italian2-188x300.jpg 188w, https:\/\/phenweb.co.uk\/wp-content\/uploads\/2022\/01\/Agents-Demise-Italian2-960x1536.jpg 960w, https:\/\/phenweb.co.uk\/wp-content\/uploads\/2022\/01\/Agents-Demise-Italian2-1280x2048.jpg 1280w, https:\/\/phenweb.co.uk\/wp-content\/uploads\/2022\/01\/Agents-Demise-Italian2-8x12.jpg 8w, https:\/\/phenweb.co.uk\/wp-content\/uploads\/2022\/01\/Agents-Demise-Italian2-768x1228.jpg 768w, https:\/\/phenweb.co.uk\/wp-content\/uploads\/2022\/01\/Agents-Demise-Italian2-640x1024.jpg 640w, https:\/\/phenweb.co.uk\/wp-content\/uploads\/2022\/01\/Agents-Demise-Italian2.jpg 1563w\" sizes=\"auto, (max-width: 188px) 100vw, 188px\" \/><\/div><\/a>\t\t\t\t<\/div>\n\n\t\t\t\t<div class=\"gsb-book-info-wrapper\">\n\n\t\t\t\t\t\t<!-- Ribbon -->\n\t\t\t\t\t\t\n\t\t\t\t\t\t\t\t\t\t\t<div class=\"gsb-title\">\n\t\t\t\t\t\t\t<h3><a href=\"https:\/\/phenweb.co.uk\/es\/books\/la-scomparsa-di-un-agente\/\">La Scomparsa di un Agente<\/a><\/h3>\n\t\t\t\t\t\t<\/div>\n\t\t\t\t\t\t\t\t\t\t\t<div class=\"gsb-author\">\n\t\t\t\t\t\t\t<h4>by <a href=\"https:\/\/phenweb.co.uk\/es\/books-authors\/philip-g-henley\/\">Philip G Henley<\/a><\/h4>\n\t\t\t\t\t\t<\/div>\n\t\t\t\t\t\n\t\t\t\t\t\t\t\t\t\t\t<div class=\"gsb-desc\">\n\t\t\t\t\t\t\t<p>La Scomparsa di un Agente \u00e8 la prima parte della trilogia della scomparsa Libri Italiani da Phenweb&#8230;<a href=\"https:\/\/phenweb.co.uk\/es\/books\/la-scomparsa-di-un-agente\/\">More<\/a><\/p>\n\t\t\t\t\t\t<\/div>\n\t\t\t\t\t\n\t\t\t\t\t<div class=\"gsb-book-info\">\n\n\t\t\t\t\t\t\t\t\t\t\t\t\t<p class=\"\">\n\t\t\t\t\t\t\t\t<span class=\"gsb-info-lavel\">Publish Date: <\/span>\n\t\t\t\t\t\t\t\t<span class=\"gsb-info-value\">6 February 2022<\/span>\n\t\t\t\t\t\t\t<\/p>\n\t\t\t\t\t\t\t\t\t\t\t\t\t<p class=\"\">\n\t\t\t\t\t\t\t\t<span class=\"gsb-info-lavel\">Publishers: <\/span>\n\t\t\t\t\t\t\t\t<span class=\"gsb-info-value\"> <span><a href=\"https:\/\/phenweb.co.uk\/es\/?gsb_publishers=phenweb-publishing\" rel=\"tag\">Phenweb Publishing<\/a><\/span> <\/span>\n\t\t\t\t\t\t\t<\/p>\n\t\t\t\t\t\t\t\t\t\t\t\t\t<div class=\"gsb-book-asin\" style=\"display: none;\">\n\t\t\t\t\t\t\t\tB09XBWW7TR\t\t\t\t\t\t\t<\/div>\n\t\t\t\t\t\t\t\t\t\t\t\t\t\t\t<p class=\"\">\n\t\t\t\t\t\t\t\t\t<span class=\"gsb-info-lavel\">Store: <\/span>\n\t\t\t\t\t\t\t\t\t<span class=\"gsb-info-value\"><span class=\"gs-book--store_urls\"><span class=\"gs-book--store-amazon\"><a href=\"https:\/\/mybook.to\/VtdGyO\" target=\"_blank\" rel=\"noreferrer noopener\">Amazon<\/a><\/span><span class=\"gs-book--sitem_sep\">, <\/span><span class=\"gs-book--store-apple\"><a href=\"https:\/\/itunes.apple.com\/us\/book\/id1609080303\" target=\"_blank\" rel=\"noreferrer noopener\">Apple<\/a><\/span><span class=\"gs-book--sitem_sep\">, <\/span><span class=\"gs-book--store-barnes-noble\"><a href=\"http:\/\/www.barnesandnoble.com\/s\/2940166377678\" target=\"_blank\" rel=\"noreferrer noopener\">Barnes &amp; Noble<\/a><\/span><span class=\"gs-book--sitem_sep\">, <\/span><span class=\"gs-book--store-scribd\"><a href=\"http:\/\/www.scribd.com\/book\/557650346\" target=\"_blank\" rel=\"noreferrer noopener\">Scribd<\/a><\/span><span class=\"gs-book--sitem_sep\">, <\/span><span class=\"gs-book--store-tolino\"><a href=\"https:\/\/www.thalia.de\/shop\/home\/artikeldetails\/EAN9781667425771\" target=\"_blank\" rel=\"noreferrer noopener\">Tolino<\/a><\/span><span class=\"gs-book--sitem_sep\">, <\/span><span class=\"gs-book--store-kobo\"><a href=\"https:\/\/www.kobo.com\/gb\/en\/ebook\/la-scomparsa-di-un-agente\" target=\"_blank\" rel=\"noreferrer noopener\">Kobo<\/a><\/span><\/span> <\/span>\n\t\t\t\t\t\t\t\t<\/p>\n\t\t\t\t\t\t\t\n\t\t\t\t\t<\/div>\n\n\t\t\t\t<\/div>\n\n\t\t\t<\/div>\n\n\t\t\t\n\t\t<\/div>\n\n\t\t\t\t<\/div>\n\n\t\t\t\t\t\t\t<\/div>\n\t\t<\/div>\n\t\t<style>#gs_book_area_8 .gsb-title h3{--gsb-title-font-weight:normal}#gs_book_area_8 .gsb-title h3{font-style:normal}#gs_book_area_8 .gsb-book-info p{--gsb-info-font-size:17}#gs_book_area_8 .gsb-desc p{text-align:left}<\/style>\n\n\n<h2 class=\"wp-block-heading\">Libri in Italiano &#8211; Dettagli<\/h2>\n\n\n\n<p>Si prega di vedere i dettagli di seguito e controllare i traduttori collegati <a href=\"http:\/\/www.babelcube.com\" target=\"_blank\" rel=\"noreferrer noopener\" title=\"Babelcube\">Babelcube<\/a><\/p>\n\n\n\n<p>Please see the details below and check out the translators linked to <a href=\"http:\/\/www.babelcube.com\" target=\"_blank\" rel=\"noreferrer noopener\" title=\"Babelcube\">Babelcube<\/a><\/p>\n\n\n\n<table id=\"tablepress-19\" class=\"tablepress tablepress-id-19\">\n<thead>\n<tr class=\"row-1\">\n\t<th class=\"column-1\">Cover - Coperchio<\/th><th class=\"column-2\">Description - Descrizione <\/th><th class=\"column-3\">Translator - Traduttrice \/<br \/>\nTraduttore<\/th><th class=\"column-4\">Goodreads<\/th><th class=\"column-5\">Sales - Sporco<\/th>\n<\/tr>\n<\/thead>\n<tbody class=\"row-hover\">\n<tr class=\"row-2\">\n\t<td class=\"column-1\"><img loading=\"lazy\" decoding=\"async\" src=\"https:\/\/phenweb.co.uk\/wp-content\/uploads\/2022\/01\/The-Persuasive-Man-Italian-188x300.jpg\" alt=\"Persuasive Italian\" width=\"94\" height=\"150\" class=\"alignnone size-medium wp-image-3570\" srcset=\"https:\/\/phenweb.co.uk\/wp-content\/uploads\/2022\/01\/The-Persuasive-Man-Italian-188x300.jpg 188w, https:\/\/phenweb.co.uk\/wp-content\/uploads\/2022\/01\/The-Persuasive-Man-Italian-960x1536.jpg 960w, https:\/\/phenweb.co.uk\/wp-content\/uploads\/2022\/01\/The-Persuasive-Man-Italian-1280x2048.jpg 1280w, https:\/\/phenweb.co.uk\/wp-content\/uploads\/2022\/01\/The-Persuasive-Man-Italian-8x12.jpg 8w, https:\/\/phenweb.co.uk\/wp-content\/uploads\/2022\/01\/The-Persuasive-Man-Italian-768x1228.jpg 768w, https:\/\/phenweb.co.uk\/wp-content\/uploads\/2022\/01\/The-Persuasive-Man-Italian-640x1024.jpg 640w, https:\/\/phenweb.co.uk\/wp-content\/uploads\/2022\/01\/The-Persuasive-Man-Italian.jpg 1563w\" sizes=\"auto, (max-width: 94px) 100vw, 94px\" \/><\/td><td class=\"column-2\">David \u00e8 molto bravo a persuadere le persone, sia come adolescente alla cassa di un negozio, sia pi\u00f9 tardi come venditore di auto. Poi subentrano i titoli e le azioni e gli affari finanziari mentre la sua ricchezza si accumula. Pu\u00f2 persuadere le donne della sua vita, ma le sue relazioni potrebbero non essere reali. Cos'\u00e8 la persuasione e cos'\u00e8 solo fortuna? La sua morale pu\u00f2 lasciare molto a desiderare ma quando una grave malattia lo colpisce deve riconsiderare s\u00e9 stesso. Una storia di avidit\u00e0, insider trading, amore e sfortuna, che attraversa il mondo. La sua abilit\u00e0 persuasiva gli ha portato il successo, ma a quale costo?<br \/>\n<br \/>\nNel suo appartamento di New York, nel suo castello francese o nella sua casa di St Kitts, deve decidere cosa fare con i suoi soldi e come dire addio.<\/td><td class=\"column-3\"><a href=\"https:\/\/www.babelcube.com\/user\/matteo-serrago-1\">Matteo Serrago<\/a><\/td><td class=\"column-4\"><div id=\"gr_add_to_books\"><br \/>\n    <div class=\"gr_custom_each_container_\"><br \/>\n      <a target=\"_blank\" style=\"border:none\" rel=\"nofollow noopener noreferrer\" href=\"https:\/\/www.goodreads.com\/book\/show\/60223907-l-uomo-persuasivo\"><img decoding=\"async\" alt=\"L&#39;uomo persuasivo\" src=\"https:\/\/s.gr-assets.com\/images\/atmb_add_book-70x25.png\" \/><\/a><br \/>\n    <\/div><br \/>\n  <\/div><br \/>\n    <script src=\"https:\/\/www.goodreads.com\/book\/add_to_books_widget_frame\/60223907?atmb_widget%5Bbutton%5D=atmb_widget_1.png\"><\/script><\/td><td class=\"column-5\"><a href=\"https:\/\/mybook.to\/buu259\">Amazon<\/a><br \/>\n<a href=\"https:\/\/itunes.apple.com\/us\/book\/id1591227768\">Apple<\/a><br \/>\n<a href=\"https:\/\/play.google.com\/store\/books\/details?id=0WRNEAAAQBAJ\">Google<\/a><br \/>\n<a href=\"http:\/\/www.barnesandnoble.com\/s\/2940165482342\">Barnes and Noble<\/a><br \/>\n<a href=\"https:\/\/www.kobo.com\/gb\/en\/ebook\/l-uomo-persuasivo\">Kobo<\/a><br \/>\n<a href=\"https:\/\/www.scribd.com\/book\/533928238\">Scribd<\/a><br \/>\n<a href=\"https:\/\/www.thalia.de\/shop\/home\/artikeldetails\/EAN9781667416823\">Tolino<\/a><\/td>\n<\/tr>\n<tr class=\"row-3\">\n\t<td class=\"column-1\"><img loading=\"lazy\" decoding=\"async\" src=\"https:\/\/phenweb.co.uk\/wp-content\/uploads\/2022\/01\/Agents-Demise-Italian2-188x300.jpg\" alt=\"Demise Italian\" width=\"94\" height=\"150\" class=\"alignnone size-medium wp-image-3862\" srcset=\"https:\/\/phenweb.co.uk\/wp-content\/uploads\/2022\/01\/Agents-Demise-Italian2-188x300.jpg 188w, https:\/\/phenweb.co.uk\/wp-content\/uploads\/2022\/01\/Agents-Demise-Italian2-960x1536.jpg 960w, https:\/\/phenweb.co.uk\/wp-content\/uploads\/2022\/01\/Agents-Demise-Italian2-1280x2048.jpg 1280w, https:\/\/phenweb.co.uk\/wp-content\/uploads\/2022\/01\/Agents-Demise-Italian2-8x12.jpg 8w, https:\/\/phenweb.co.uk\/wp-content\/uploads\/2022\/01\/Agents-Demise-Italian2-768x1228.jpg 768w, https:\/\/phenweb.co.uk\/wp-content\/uploads\/2022\/01\/Agents-Demise-Italian2-640x1024.jpg 640w, https:\/\/phenweb.co.uk\/wp-content\/uploads\/2022\/01\/Agents-Demise-Italian2.jpg 1563w\" sizes=\"auto, (max-width: 94px) 100vw, 94px\" \/><\/td><td class=\"column-2\">Gli analisti e gli agenti di intelligence stanno scomparendo, alcuni potrebbero essere stati uccisi. La stampa e la polizia sospettano ci sia un serial killer a piede libero. John Slater era vicino all\u2019ultima vittima, \u00e8 evasivo, sembra non avere passato, e potrebbe essere il killer. La seconda guerra irachena e la rete di intelligence potrebbero collegare le vittime e anche le Forze Speciali della Polizia Metropolitana sta indagando, con l\u2019aiuto o l\u2019intralcio delle Agenzie di Intelligence. Gli errori fatti nel costruire i dossier usati a supporto della guerra si suppone siano stati insabbiati da entrambe le sponde dell\u2019Atlantico, ma ancora il killer colpisce e\u2026 stanno dicendo tutti la verit\u00e0?<br \/>\n\u00c8 un thriller complesso basato sull\u2019inizio e la continuazione della Seconda guerra irachena.<\/td><td class=\"column-3\"><a href=\"https:\/\/www.babelcube.com\/user\/valentina-cuzzocrea\">Valentina Cuzzocrea<\/a><\/td><td class=\"column-4\"><code>\t  <div id=\"gr_add_to_books\"><br \/>\n    <div class=\"gr_custom_each_container_\"><br \/>\n      <a target=\"_blank\" style=\"border:none\" rel=\"nofollow noopener noreferrer\" href=\"https:\/\/www.goodreads.com\/book\/show\/60810449-la-scomparsa-di-un-agente\"><img decoding=\"async\" alt=\"An Agent&#39;s Demise (An Agent, #1)\" src=\"https:\/\/s.gr-assets.com\/images\/atmb_add_book-70x25.png\" \/><\/a><br \/>\n    <\/div><br \/>\n  <\/div><br \/>\n  <!-- the identifier in the following script tag can be a GR book id or an isbn --><br \/>\n  <script src=\"https:\/\/www.goodreads.com\/book\/add_to_books_widget_frame\/17881648?atmb_widget%5Bbutton%5D=atmb_widget_1.png\"><\/script><br \/>\n\t<\/td><td class=\"column-5\"><a href=\"https:\/\/mybook.to\/VtdGyO\">Amazon<\/a><br \/>\n<a href=\"https:\/\/itunes.apple.com\/us\/book\/id1609080303\">Apple<\/a><br \/>\n<br \/>\n<a href=\"http:\/\/www.barnesandnoble.com\/s\/2940166377678\">Barnes and Noble<\/a><br \/>\n<a href=\"https:\/\/www.kobo.com\/gb\/en\/ebook\/la-scomparsa-di-un-agente\">Kobo<\/a><br \/>\n<a href=\"https:\/\/www.scribd.com\/book\/557650346\/La-Scomparsa-di-un-Agente\">Scribd<\/a><br \/>\n<a href=\"https:\/\/www.thalia.de\/shop\/home\/artikeldetails\/EAN9781667425771\">Tolino<\/a><\/td>\n<\/tr>\n<\/tbody>\n<\/table>\n\n\n\n\n<h2 class=\"wp-block-heading\">Altre Lingue<\/h2>\n\n\n\n<p>Altre traduzioni sono disponibili clicca qui sotto<\/p>\n\n\n\n<p>Other translations are available please click below<\/p>\n\n\n\n<p><a href=\"https:\/\/phenweb.co.uk\/es\/the-books-2\/books-in-spanish-libros-en-espanol\/\" title=\"Books In Spanish \u2013 Libros en Espa\u00f1ol\">Spagnolo<\/a>, <a href=\"https:\/\/phenweb.co.uk\/es\/the-books-2\/books-in-portuguese-livros-em-portugues\/\" title=\"Books in Portuguese \u2013 Livros em Portugu\u00eas\">Portoghese<\/a>, <a href=\"https:\/\/phenweb.co.uk\/es\/the-books-2\/books-in-french-livres-en-francais\/\" title=\"Books in French \u2013 Livres en Fran\u00e7ais\">Francese<\/a>, <a href=\"https:\/\/phenweb.co.uk\/es\/books-in-hindi-%e0%a4%b9%e0%a4%bf%e0%a4%82%e0%a4%a6%e0%a5%80-%e0%a4%ae%e0%a5%87%e0%a4%82-%e0%a4%95%e0%a4%bf%e0%a4%a4%e0%a4%be%e0%a4%ac%e0%a5%87%e0%a4%82\/\" title=\"Hindi Books \u2013 \u0939\u093f\u0902\u0926\u0940 \u092e\u0947\u0902 \u0915\u093f\u0924\u093e\u092c\u0947\u0902\">Hindi<\/a><\/p>","protected":false},"excerpt":{"rendered":"<p>Via Babelcube Philip G Henley ha pubblicato i seguenti libri in Italiano Via Babelcube Philip G Henley has published the following books in Italian Libri in Italiano &#8211; Dettagli Si prega di vedere i dettagli di seguito e controllare i traduttori collegati Babelcube Please see the details below and check out the translators linked to [&hellip;]<\/p>\n","protected":false},"author":1,"featured_media":3679,"parent":3723,"menu_order":0,"comment_status":"open","ping_status":"closed","template":"","meta":{"footnotes":""},"class_list":["post-3692","page","type-page","status-publish","has-post-thumbnail","hentry"],"aioseo_notices":[],"_links":{"self":[{"href":"https:\/\/phenweb.co.uk\/es\/wp-json\/wp\/v2\/pages\/3692","targetHints":{"allow":["GET"]}}],"collection":[{"href":"https:\/\/phenweb.co.uk\/es\/wp-json\/wp\/v2\/pages"}],"about":[{"href":"https:\/\/phenweb.co.uk\/es\/wp-json\/wp\/v2\/types\/page"}],"author":[{"embeddable":true,"href":"https:\/\/phenweb.co.uk\/es\/wp-json\/wp\/v2\/users\/1"}],"replies":[{"embeddable":true,"href":"https:\/\/phenweb.co.uk\/es\/wp-json\/wp\/v2\/comments?post=3692"}],"version-history":[{"count":0,"href":"https:\/\/phenweb.co.uk\/es\/wp-json\/wp\/v2\/pages\/3692\/revisions"}],"up":[{"embeddable":true,"href":"https:\/\/phenweb.co.uk\/es\/wp-json\/wp\/v2\/pages\/3723"}],"wp:featuredmedia":[{"embeddable":true,"href":"https:\/\/phenweb.co.uk\/es\/wp-json\/wp\/v2\/media\/3679"}],"wp:attachment":[{"href":"https:\/\/phenweb.co.uk\/es\/wp-json\/wp\/v2\/media?parent=3692"}],"curies":[{"name":"wp","href":"https:\/\/api.w.org\/{rel}","templated":true}]}}