{"id":3681,"date":"2022-01-29T15:15:27","date_gmt":"2022-01-29T15:15:27","guid":{"rendered":"https:\/\/phenweb.co.uk\/?page_id=3681"},"modified":"2025-09-12T17:08:41","modified_gmt":"2025-09-12T16:08:41","slug":"books-in-french-livres-en-francais","status":"publish","type":"page","link":"https:\/\/phenweb.co.uk\/es\/the-books-2\/book-translations-books-available\/books-in-french-livres-en-francais\/","title":{"rendered":"Livres en Fran\u00e7ais"},"content":{"rendered":"<div class=\"wp-block-image\">\n<figure class=\"aligncenter size-medium\"><img loading=\"lazy\" decoding=\"async\" width=\"300\" height=\"169\" sizes=\"auto, (max-width: 300px) 100vw, 300px\" src=\"https:\/\/phenweb.co.uk\/wp-content\/uploads\/2022\/01\/French-Flag-300x169.jpg\" alt=\"French Flag Livres en Fran\u00e7ais\" class=\"wp-image-3678\" srcset=\"https:\/\/phenweb.co.uk\/wp-content\/uploads\/2022\/01\/French-Flag-300x169.jpg 300w, https:\/\/phenweb.co.uk\/wp-content\/uploads\/2022\/01\/French-Flag-1536x864.jpg 1536w, https:\/\/phenweb.co.uk\/wp-content\/uploads\/2022\/01\/French-Flag-18x10.jpg 18w, https:\/\/phenweb.co.uk\/wp-content\/uploads\/2022\/01\/French-Flag-500x281.jpg 500w, https:\/\/phenweb.co.uk\/wp-content\/uploads\/2022\/01\/French-Flag-768x432.jpg 768w, https:\/\/phenweb.co.uk\/wp-content\/uploads\/2022\/01\/French-Flag-1024x576.jpg 1024w, https:\/\/phenweb.co.uk\/wp-content\/uploads\/2022\/01\/French-Flag.jpg 1920w\" \/><\/figure>\n<\/div>\n\n\n<p>Livres en Fran\u00e7ais &#8211; Via <a href=\"http:\/\/www.babelcube.com\" target=\"_blank\" rel=\"noreferrer noopener\" title=\"Babelcube\">Babelcube<\/a> Philip G Henley a publi\u00e9 les livres suivants en Fran\u00e7ais en <a href=\"https:\/\/www.amazon.fr\/dp\/B0BYRKH452\" title=\"\">livre de poche Fran\u00e7ais<\/a><\/p>\n\n\n\n<p>Via <a href=\"http:\/\/www.babelcube.com\" target=\"_blank\" rel=\"noreferrer noopener\" title=\"Babelcube\">Babelcube<\/a> Philip G Henley has published the following books in French and a <a href=\"https:\/\/www.amazon.fr\/dp\/B0BYRKH452\" title=\"\">paperback<\/a> on Amazon<\/p>\n\n\n\n\t\t<div id=\"gs_book_area_7\" class=\"wrap gs_bookshowcase_area view_type_slider gs-book--img-efect_brightness gs-book--img-hover-efect_none style-01 carousel--has-dots dot--default carousel--has-navs nav--default carousel-navs-pos--bottom\" data-slider-settings='{\"speed\":4000,\"isAutoplay\":false,\"autoplay_delay\":5000,\"loop\":false,\"pause_on_hover\":false,\"navs\":true,\"dots\":true,\"desktop_columns\":3,\"tablet_columns\":4,\"mobile_columns\":6,\"columns_small_mobile\":12,\"carousel_navs_style\":\"nav--default\",\"carousel_dots_style\":\"dot--default\",\"gsb_navs_pos\":\"carousel-navs-pos--bottom\",\"reverseDirection\":false,\"slidesPerGroup\":1}' data-options='\"\"'>\n\t\t\t<div class=\"gs-containeer\">\n\t\t\t\t\t\t\t\t<div class=\"gs-roow clearfix gs_bookshowcase\">\t\t\t\t\n\t\t\t\t\t\n\t\t\t\t\t\n\t\t<div class=\"gs-col-lg-3 gs-col-md-4 gs-col-sm-6 gs-col-xs-12\">\n\n\t\t\t<div class=\"single-bookshowcase\">\n\n\t\t\t\t<div class=\"gsb-cover-wrapper\">\n\t\t\t\t\t<a class=\"\" href=\"https:\/\/phenweb.co.uk\/es\/books\/aux-survivants\/\"><div class=\"gsbooks--book-thumb\"><img loading=\"lazy\" decoding=\"async\" width=\"213\" height=\"300\" src=\"https:\/\/phenweb.co.uk\/wp-content\/uploads\/2021\/10\/To-The-Survivors-French-Babel-213x300.jpg\" class=\"gs_book--image skip-lazy\" alt=\"Aux Survivants\" itemprop=\"image\" srcset=\"https:\/\/phenweb.co.uk\/wp-content\/uploads\/2021\/10\/To-The-Survivors-French-Babel-213x300.jpg 213w, https:\/\/phenweb.co.uk\/wp-content\/uploads\/2021\/10\/To-The-Survivors-French-Babel-1090x1536.jpg 1090w, https:\/\/phenweb.co.uk\/wp-content\/uploads\/2021\/10\/To-The-Survivors-French-Babel-1454x2048.jpg 1454w, https:\/\/phenweb.co.uk\/wp-content\/uploads\/2021\/10\/To-The-Survivors-French-Babel-9x12.jpg 9w, https:\/\/phenweb.co.uk\/wp-content\/uploads\/2021\/10\/To-The-Survivors-French-Babel-768x1082.jpg 768w, https:\/\/phenweb.co.uk\/wp-content\/uploads\/2021\/10\/To-The-Survivors-French-Babel-727x1024.jpg 727w, https:\/\/phenweb.co.uk\/wp-content\/uploads\/2021\/10\/To-The-Survivors-French-Babel.jpg 1646w\" sizes=\"auto, (max-width: 213px) 100vw, 213px\" \/><\/div><\/a>\t\t\t\t<\/div>\n\n\t\t\t\t<div class=\"gsb-book-info-wrapper\">\n\n\t\t\t\t\t\t\t\t\t\t\t<div class=\"gsb-title\">\n\t\t\t\t\t\t\t<h3><a href=\"https:\/\/phenweb.co.uk\/es\/books\/aux-survivants\/\">Aux Survivants<\/a><\/h3>\n\t\t\t\t\t\t<\/div>\n\t\t\t\t\t\t\t\t\t\t\t<div class=\"gsb-author\">\n\t\t\t\t\t\t\t<h4>by <a href=\"https:\/\/phenweb.co.uk\/es\/books-authors\/philip-g-henley\/\">Philip G Henley<\/a><\/h4>\n\t\t\t\t\t\t<\/div>\n\t\t\t\t\t\n\t\t\t\t\t\t\t\t\t\t\t<div class=\"gsb-desc\">\n\t\t\t\t\t\t\t<p>Aux Survivants est un conte de science-fiction sur la survie dans une pand\u00e9mie mondiale. \u00c9crit ava&#8230;<a href=\"https:\/\/phenweb.co.uk\/es\/books\/aux-survivants\/\">More<\/a><\/p>\n\t\t\t\t\t\t<\/div>\n\t\t\t\t\t\n\t\t\t\t\t<div class=\"gsb-book-info\">\n\n\t\t\t\t\t\t\t\t\t\t\t\t\t<p class=\"\">\n\t\t\t\t\t\t\t\t<span class=\"gsb-info-lavel\">Publish Date: <\/span>\n\t\t\t\t\t\t\t\t<span class=\"gsb-info-value\">29 July 2021<\/span>\n\t\t\t\t\t\t\t<\/p>\n\t\t\t\t\t\t\t\t\t\t\t\t\t<p class=\"\">\n\t\t\t\t\t\t\t\t<span class=\"gsb-info-lavel\">Publishers: <\/span>\n\t\t\t\t\t\t\t\t<span class=\"gsb-info-value\"> <span><a href=\"https:\/\/phenweb.co.uk\/es\/?gsb_publishers=phenweb-publishing\" rel=\"tag\">Phenweb Publishing<\/a><\/span> <\/span>\n\t\t\t\t\t\t\t<\/p>\n\t\t\t\t\t\t\t\t\t\t\t\t\t<div class=\"gsb-book-asin\" style=\"display: none;\">\n\t\t\t\t\t\t\t\tB09JLYYPQR, B0BYRKH452\t\t\t\t\t\t\t<\/div>\n\t\t\t\t\t\t\t\t\t\t\t\t\t\t\t<p class=\"\">\n\t\t\t\t\t\t\t\t\t<span class=\"gsb-info-lavel\">Store: <\/span>\n\t\t\t\t\t\t\t\t\t<span class=\"gsb-info-value\"><span class=\"gs-book--store_urls\"><span class=\"gs-book--store-amazon\"><a href=\"https:\/\/www.amazon.com\/dp\/B09JLYYPQR\" target=\"_blank\" rel=\"noreferrer noopener\">Amazon<\/a><\/span><span class=\"gs-book--sitem_sep\">, <\/span><span class=\"gs-book--store-google-play\"><a href=\"https:\/\/play.google.com\/store\/books\/details?id=UaZIEAAAQBAJ\" target=\"_blank\" rel=\"noreferrer noopener\">Google Play<\/a><\/span><span class=\"gs-book--sitem_sep\">, <\/span><span class=\"gs-book--store-apple\"><a href=\"https:\/\/itunes.apple.com\/us\/book\/id1579131736\" target=\"_blank\" rel=\"noreferrer noopener\">Apple<\/a><\/span><span class=\"gs-book--sitem_sep\">, <\/span><span class=\"gs-book--store-barnes-noble\"><a href=\"http:\/\/www.barnesandnoble.com\/s\/2940165549373\" target=\"_blank\" rel=\"noreferrer noopener\">Barnes &amp; Noble<\/a><\/span><span class=\"gs-book--sitem_sep\">, <\/span><span class=\"gs-book--store-scribd\"><a href=\"http:\/\/www.scribd.com\/book\/518088566\" target=\"_blank\" rel=\"noreferrer noopener\">Scribd<\/a><\/span><span class=\"gs-book--sitem_sep\">, <\/span><span class=\"gs-book--store-tolino\"><a href=\"https:\/\/www.thalia.de\/shop\/home\/artikeldetails\/EAN9781667408187\" target=\"_blank\" rel=\"noreferrer noopener\">Tolino<\/a><\/span><span class=\"gs-book--sitem_sep\">, <\/span><span class=\"gs-book--store-kobo\"><a href=\"https:\/\/www.kobo.com\/gb\/en\/ebook\/aux-survivants\" target=\"_blank\" rel=\"noreferrer noopener\">Kobo<\/a><\/span><\/span> <\/span>\n\t\t\t\t\t\t\t\t<\/p>\n\t\t\t\t\t\t\t\n\t\t\t\t\t<\/div>\n\n\t\t\t\t<\/div>\n\n\t\t\t<\/div>\n\n\t\t\t\n\t\t<\/div>\n\n\n\t\t<div class=\"gs-col-lg-3 gs-col-md-4 gs-col-sm-6 gs-col-xs-12\">\n\n\t\t\t<div class=\"single-bookshowcase\">\n\n\t\t\t\t<div class=\"gsb-cover-wrapper\">\n\t\t\t\t\t<a class=\"\" href=\"https:\/\/phenweb.co.uk\/es\/books\/zodiaque\/\"><div class=\"gsbooks--book-thumb\"><img loading=\"lazy\" decoding=\"async\" width=\"197\" height=\"300\" src=\"https:\/\/phenweb.co.uk\/wp-content\/uploads\/2025\/07\/Zodiac-French-Cover-197x300.jpg\" class=\"gs_book--image skip-lazy\" alt=\"Zodiaque\" itemprop=\"image\" srcset=\"https:\/\/phenweb.co.uk\/wp-content\/uploads\/2025\/07\/Zodiac-French-Cover-197x300.jpg 197w, https:\/\/phenweb.co.uk\/wp-content\/uploads\/2025\/07\/Zodiac-French-Cover-768x1170.jpg 768w, https:\/\/phenweb.co.uk\/wp-content\/uploads\/2025\/07\/Zodiac-French-Cover-672x1024.jpg 672w, https:\/\/phenweb.co.uk\/wp-content\/uploads\/2025\/07\/Zodiac-French-Cover-1009x1536.jpg 1009w, https:\/\/phenweb.co.uk\/wp-content\/uploads\/2025\/07\/Zodiac-French-Cover-8x12.jpg 8w, https:\/\/phenweb.co.uk\/wp-content\/uploads\/2025\/07\/Zodiac-French-Cover-scaled.jpg 1681w\" sizes=\"auto, (max-width: 197px) 100vw, 197px\" \/><\/div><\/a>\t\t\t\t<\/div>\n\n\t\t\t\t<div class=\"gsb-book-info-wrapper\">\n\n\t\t\t\t\t\t\t\t\t\t\t<div class=\"gsb-title\">\n\t\t\t\t\t\t\t<h3><a href=\"https:\/\/phenweb.co.uk\/es\/books\/zodiaque\/\">Zodiaque<\/a><\/h3>\n\t\t\t\t\t\t<\/div>\n\t\t\t\t\t\t\t\t\t\t\t<div class=\"gsb-author\">\n\t\t\t\t\t\t\t<h4>by <a href=\"https:\/\/phenweb.co.uk\/es\/books-authors\/philip-g-henley\/\">Philip G Henley<\/a><\/h4>\n\t\t\t\t\t\t<\/div>\n\t\t\t\t\t\n\t\t\t\t\t\t\t\t\t\t\t<div class=\"gsb-desc\">\n\t\t\t\t\t\t\t<p>Zodiaque, est le deuxi\u00e8me volet de la s\u00e9rie T.I.D traduit por Alicia Rodriguez Description du Zodi&#8230;<a href=\"https:\/\/phenweb.co.uk\/es\/books\/zodiaque\/\">More<\/a><\/p>\n\t\t\t\t\t\t<\/div>\n\t\t\t\t\t\n\t\t\t\t\t<div class=\"gsb-book-info\">\n\n\t\t\t\t\t\t\t\t\t\t\t\t\t<p class=\"\">\n\t\t\t\t\t\t\t\t<span class=\"gsb-info-lavel\">Publish Date: <\/span>\n\t\t\t\t\t\t\t\t<span class=\"gsb-info-value\">2 Aug, 25<\/span>\n\t\t\t\t\t\t\t<\/p>\n\t\t\t\t\t\t\t\t\t\t\t\t\t<p class=\"\">\n\t\t\t\t\t\t\t\t<span class=\"gsb-info-lavel\">Publishers: <\/span>\n\t\t\t\t\t\t\t\t<span class=\"gsb-info-value\"> <span><a href=\"https:\/\/phenweb.co.uk\/es\/?gsb_publishers=phenweb-publishing\" rel=\"tag\">Phenweb Publishing<\/a><\/span> <\/span>\n\t\t\t\t\t\t\t<\/p>\n\t\t\t\t\t\t\t\t\t\t\t\t\t\t<p class=\"\">\n\t\t\t\t\t\t\t\t\t<span class=\"gsb-info-lavel\">Store: <\/span>\n\t\t\t\t\t\t\t\t\t<span class=\"gsb-info-value\"><span class=\"gs-book--store_urls\"><span class=\"gs-book--store-amazon\"><a href=\"https:\/\/mybook.to\/gitA1\" target=\"_blank\" rel=\"noreferrer noopener\">Amazon<\/a><\/span><\/span> <\/span>\n\t\t\t\t\t\t\t\t<\/p>\n\t\t\t\t\t\t\t\n\t\t\t\t\t<\/div>\n\n\t\t\t\t<\/div>\n\n\t\t\t<\/div>\n\n\t\t\t\n\t\t<\/div>\n\n\t\t\t\t<\/div>\n\n\t\t\t\t\t\t\t<\/div>\n\t\t<\/div>\n\t\t<style>#gs_book_area_7 .gsb-title h3{--gsb-title-font-weight:normal}#gs_book_area_7 .gsb-title h3{font-style:normal}#gs_book_area_7 .gsb-book-info p{--gsb-info-font-size:17}#gs_book_area_7 .gsb-desc p{text-align:left}<\/style>\n\n\n<p>Veuillez consulter les d\u00e9tails ci-dessous et consulter les traducteurs li\u00e9s \u00e0 <a href=\"http:\/\/www.babelcube.com\" target=\"_blank\" rel=\"noreferrer noopener\" title=\"Babelcube\">Babelcube<\/a><\/p>\n\n\n\n<p>Please see the details below and check out the translators linked to <a href=\"http:\/\/www.babelcube.com\" target=\"_blank\" rel=\"noreferrer noopener\" title=\"Babelcube\">Babelcube<\/a><\/p>\n\n\n\n<h2 class=\"wp-block-heading\">Livres en Fran\u00e7ais &#8211; D\u00e9tails<\/h2>\n\n\n\n<table id=\"tablepress-18\" class=\"tablepress tablepress-id-18\">\n<thead>\n<tr class=\"row-1\">\n\t<th class=\"column-1\">Cover - Couverture<\/th><th class=\"column-2\">Description - La description<\/th><th class=\"column-3\">Translator - Traductrice \/ Traducteur <\/th><th class=\"column-4\">Goodreads<\/th><th class=\"column-5\">Sales - Ventes<\/th>\n<\/tr>\n<\/thead>\n<tbody class=\"row-hover\">\n<tr class=\"row-2\">\n\t<td class=\"column-1\"><img loading=\"lazy\" decoding=\"async\" src=\"https:\/\/phenweb.co.uk\/wp-content\/uploads\/2021\/10\/To-The-Survivors-French-Babel-213x300.jpg\" alt=\"Survivors French\" width=\"94\" height=\"150\" class=\"alignnone size-medium wp-image-3411\" \/><\/td><td class=\"column-2\">Une apocalypse menace l'esp\u00e8ce humaine. Un virus mortel est d\u00e9tect\u00e9 qui s'attaque \u00e0 l'humanit\u00e9 et aux mammif\u00e8res. Le gouvernement doit agir, et tandis que les autorit\u00e9s luttent pour trouver un rem\u00e8de, elles doivent se pr\u00e9parer au pire. \u00c0 mesure que la maladie se propage, on ne sait pas exactement combien de personnes survivront ou non, ni ce que les survivants devront faire pour vivre. Ils devront faire face \u00e0 leur chagrin et \u00e0 leur solitude avant de pouvoir tenter de reconstruire la soci\u00e9t\u00e9. Ils devront trouver de l'eau, de la nourriture, des abris et de l'\u00e9lectricit\u00e9, puis affronter les autres menaces qui p\u00e8sent sur leur survie. S'ils survivent, il y a peut-\u00eatre de l'espoir pour l'esp\u00e8ce humaine. S'ils survivent...<br \/>\n<br \/>\nCe n'est pas un film d'horreur, il n'y a pas de zombies, ni d'ast\u00e9ro\u00efdes. Si vous pr\u00e9f\u00e9rez ce genre de sc\u00e9narios post-apocalyptiques, allez voir ailleurs. Il s'agit d'une histoire de survie.<\/td><td class=\"column-3\"><a href=\"https:\/\/www.babelcube.com\/user\/pascal-pierre-kameim\">Pascal Pierre Kameim<\/a><\/td><td class=\"column-4\"><div id=\"gr_add_to_books\"><br \/>\n    <div class=\"gr_custom_each_container_\"><br \/>\n      <a target=\"_blank\" style=\"border:none\" rel=\"nofollow noopener noreferrer\" href=\"https:\/\/www.goodreads.com\/book\/show\/59603703-aux-survivants\"><img decoding=\"async\" alt=\"Aux Survivants\" src=\"https:\/\/s.gr-assets.com\/images\/atmb_add_book-70x25.png\" \/><\/a><br \/>\n    <\/div><br \/>\n  <\/div><br \/>\n  <script src=\"https:\/\/www.goodreads.com\/book\/add_to_books_widget_frame\/59603703?atmb_widget%5Bbutton%5D=atmb_widget_1.png\"><\/script><\/td><td class=\"column-5\"><a href=\"https:\/\/mybook.to\/dCbjR\">Amazon<\/a><br \/>\n<a href=\"https:\/\/itunes.apple.com\/us\/book\/id1579131736\">Apple<\/a><br \/>\n<a href=\"https:\/\/play.google.com\/store\/books\/details?id=UaZIEAAAQBAJ\">Google<\/a><br \/>\n<a href=\"http:\/\/www.barnesandnoble.com\/s\/2940165549373\">Barnes and Noble<\/a><br \/>\n<a href=\"https:\/\/www.kobo.com\/gb\/en\/ebook\/aux-survivants\">Kobo<\/a><br \/>\n<a href=\"https:\/\/www.scribd.com\/book\/518088566\">Scribd<\/a><br \/>\n<a href=\"https:\/\/www.thalia.de\/shop\/home\/artikeldetails\/EAN9781667408187\">Tolino<\/a><br \/>\n<br \/>\n<a href=\"https:\/\/www.amazon.fr\/dp\/B0BYRKH452\">Livre de poche Fran\u00e7aisa<\/a><\/td>\n<\/tr>\n<tr class=\"row-3\">\n\t<td class=\"column-1\"><\/td><td class=\"column-2\"><\/td><td class=\"column-3\"><\/td><td class=\"column-4\"><\/td><td class=\"column-5\"><\/td>\n<\/tr>\n<tr class=\"row-4\">\n\t<td class=\"column-1\"><img loading=\"lazy\" decoding=\"async\" src=\"https:\/\/phenweb.co.uk\/wp-content\/uploads\/2025\/07\/Zodiac-French-Cover-197x300.jpg\" alt=\"Zodiaque Francais Zodiac French Cover\" width=\"94\" height=\"150\" class=\"alignnone size-medium wp-image-6664\" \/><\/td><td class=\"column-2\">Le temps est \u00e0 la fois un alli\u00e9 et un ennemi, alors que les agents du TID Brett Hostam et Krista Lysander plongent dans le pass\u00e9. Leur mission ? Mettre au jour des v\u00e9rit\u00e9s cach\u00e9es, enfouies dans le chaos qui a pr\u00e9c\u00e9d\u00e9 les attentats du 11 septembre. Le TID russe dispose de ses propres agents, dont une unit\u00e9 sp\u00e9ciale du GRU appel\u00e9e Zodiac. Que font-ils aux \u00c9tats-Unis ?<br \/>\n<br \/>\nLes agents doivent affronter cette \u00e9quipe russe \u00e9nigmatique, tapie dans l\u2019ombre du pr\u00e9sent, mais \u00e9trangement li\u00e9e au pass\u00e9 myst\u00e9rieux de Krista. Les parents de Krista, anciens agents du TID eux-m\u00eames, avaient cach\u00e9 leur famille en Californie dans les ann\u00e9es 1970. Sag, qui pourrait faire partie de l\u2019\u00e9quipe Zodiac, s\u2019y trouvait aussi. Est-ce une simple co\u00efncidence ou quelque chose de plus sombre ?<br \/>\n<br \/>\nLes agents actuels se heurtent aux voyageurs temporels du pass\u00e9 et du futur, ainsi qu\u2019\u00e0 leur hi\u00e9rarchie. Chaque saut dans le temps comporte des risques physiques croissants, qui semblent affecter leur sant\u00e9. L\u2019histoire ne peut pas \u00eatre modifi\u00e9e\u2026 mais le futur, oui.<br \/>\n<br \/>\nLe TID manque d\u2019agents pour une liste infinie de missions, dont certaines sont motiv\u00e9es par des int\u00e9r\u00eats politiques. Quatre nations disposent de chambres pour les sauts temporels de longue dur\u00e9e, avec des fonctions secr\u00e8tes. Tous les agents sont gauchers et re\u00e7oivent des dispositifs de saut localis\u00e9s. Parviendront-ils \u00e0 d\u00e9couvrir la v\u00e9rit\u00e9 avant qu\u2019il ne soit trop tard ?<br \/>\n<br \/>\nRejoignez-les dans une course haletante \u00e0 travers le temps, o\u00f9 le pass\u00e9 n\u2019est jamais ce qu\u2019il para\u00eet, et o\u00f9 le danger est toujours un pas en avance.<\/td><td class=\"column-3\"><a href=\"https:\/\/www.babelcube.com\/user\/alicia-rodriguez-2\">Alicia Rodriguez<\/a><\/td><td class=\"column-4\"><\/td><td class=\"column-5\"><a href=\"https:\/\/mybook.to\/gitA1\">Amazon<\/a><\/td>\n<\/tr>\n<\/tbody>\n<\/table>\n\n\n\n\n<h2 class=\"wp-block-heading\">Autres Langues<\/h2>\n\n\n\n<p>Les traductions sont disponibles dans d&#8217;autres langues voir les liens ci-dessous<\/p>\n\n\n\n<p>Translations are available in other Languages see links below<\/p>\n\n\n\n<p><a href=\"https:\/\/phenweb.co.uk\/es\/the-books-2\/books-in-spanish-libros-en-espanol\/\" title=\"Books In Spanish \u2013 Libros en Espa\u00f1ol\">Espagnol<\/a>, <a href=\"https:\/\/phenweb.co.uk\/es\/the-books-2\/books-in-portuguese-livros-em-portugues\/\" title=\"Books in Portuguese \u2013 Livros em Portugu\u00eas\">Portugais<\/a>, <a href=\"https:\/\/phenweb.co.uk\/es\/the-books-2\/books-in-italian-libri-in-italiano\/\" title=\"Books in Italian \u2013 Libri in Italiano\">Italien<\/a>, <a href=\"https:\/\/phenweb.co.uk\/es\/books-in-hindi-%e0%a4%b9%e0%a4%bf%e0%a4%82%e0%a4%a6%e0%a5%80-%e0%a4%ae%e0%a5%87%e0%a4%82-%e0%a4%95%e0%a4%bf%e0%a4%a4%e0%a4%be%e0%a4%ac%e0%a5%87%e0%a4%82\/\" title=\"Hindi Books \u2013 \u0939\u093f\u0902\u0926\u0940 \u092e\u0947\u0902 \u0915\u093f\u0924\u093e\u092c\u0947\u0902\">Hindi<\/a><\/p>","protected":false},"excerpt":{"rendered":"<p>Livres en Fran\u00e7ais &#8211; Via Babelcube Philip G Henley a publi\u00e9 les livres suivants en Fran\u00e7ais en livre de poche Fran\u00e7ais Via Babelcube Philip G Henley has published the following books in French and a paperback on Amazon Veuillez consulter les d\u00e9tails ci-dessous et consulter les traducteurs li\u00e9s \u00e0 Babelcube Please see the details below [&hellip;]<\/p>\n","protected":false},"author":1,"featured_media":3678,"parent":3723,"menu_order":0,"comment_status":"closed","ping_status":"closed","template":"","meta":{"footnotes":""},"class_list":["post-3681","page","type-page","status-publish","has-post-thumbnail","hentry"],"aioseo_notices":[],"_links":{"self":[{"href":"https:\/\/phenweb.co.uk\/es\/wp-json\/wp\/v2\/pages\/3681","targetHints":{"allow":["GET"]}}],"collection":[{"href":"https:\/\/phenweb.co.uk\/es\/wp-json\/wp\/v2\/pages"}],"about":[{"href":"https:\/\/phenweb.co.uk\/es\/wp-json\/wp\/v2\/types\/page"}],"author":[{"embeddable":true,"href":"https:\/\/phenweb.co.uk\/es\/wp-json\/wp\/v2\/users\/1"}],"replies":[{"embeddable":true,"href":"https:\/\/phenweb.co.uk\/es\/wp-json\/wp\/v2\/comments?post=3681"}],"version-history":[{"count":0,"href":"https:\/\/phenweb.co.uk\/es\/wp-json\/wp\/v2\/pages\/3681\/revisions"}],"up":[{"embeddable":true,"href":"https:\/\/phenweb.co.uk\/es\/wp-json\/wp\/v2\/pages\/3723"}],"wp:featuredmedia":[{"embeddable":true,"href":"https:\/\/phenweb.co.uk\/es\/wp-json\/wp\/v2\/media\/3678"}],"wp:attachment":[{"href":"https:\/\/phenweb.co.uk\/es\/wp-json\/wp\/v2\/media?parent=3681"}],"curies":[{"name":"wp","href":"https:\/\/api.w.org\/{rel}","templated":true}]}}